{"id":234,"date":"2018-02-21T13:30:53","date_gmt":"2018-02-21T12:30:53","guid":{"rendered":"http:\/\/serwer1421977.home.pl\/home\/virtualki\/170427\/index.php\/ksiazeczki-100x150-mm\/"},"modified":"2018-03-18T23:55:53","modified_gmt":"2018-03-18T22:55:53","slug":"ksiazeczki-100x150-mm","status":"publish","type":"page","link":"https:\/\/eng.pegom.com.pl\/index.php\/ksiazeczki-100x150-mm\/","title":{"rendered":"Ksi\u0105\u017ceczki 100&#215;150 mm"},"content":{"rendered":"<p>[et_pb_section bb_built=&#8221;1&#8243; _builder_version=&#8221;3.0.47&#8243;][et_pb_row _builder_version=&#8221;3.0.47&#8243; background_size=&#8221;initial&#8221; background_position=&#8221;top_left&#8221; background_repeat=&#8221;repeat&#8221;][et_pb_column type=&#8221;4_4&#8243;][et_pb_text _builder_version=&#8221;3.0.105&#8243; background_layout=&#8221;light&#8221;]<\/p>\n<h2 style=\"text-align: center;\"><strong>BIG BOOK MATCHES \u2013 100&#215;150 MM<\/strong><\/h2>\n<p>[\/et_pb_text][et_pb_divider color=&#8221;#000066&#8243; show_divider=&#8221;on&#8221; divider_style=&#8221;dotted&#8221; divider_weight=&#8221;3&#8243; _builder_version=&#8221;3.0.105&#8243;]<\/p>\n<p>&nbsp;<\/p>\n<p>[\/et_pb_divider][\/et_pb_column][\/et_pb_row][et_pb_row _builder_version=&#8221;3.0.47&#8243; background_size=&#8221;initial&#8221; background_position=&#8221;top_left&#8221; background_repeat=&#8221;repeat&#8221;][et_pb_column type=&#8221;1_2&#8243;][et_pb_image src=&#8221;http:\/\/eng.pegom.com.pl\/wp-content\/uploads\/2018\/03\/Ksi\u0105\u017ceczki-du\u017ce-100x150mm-2&#215;10-3.jpg&#8221; show_in_lightbox=&#8221;on&#8221; align=&#8221;center&#8221; _builder_version=&#8221;3.0.105&#8243; box_shadow_style=&#8221;preset2&#8243; url_new_window=&#8221;off&#8221; always_center_on_mobile=&#8221;on&#8221; use_overlay=&#8221;off&#8221; force_fullwidth=&#8221;off&#8221; show_bottom_space=&#8221;on&#8221;]<\/p>\n<p>&nbsp;<\/p>\n<p>[\/et_pb_image][\/et_pb_column][et_pb_column type=&#8221;1_2&#8243;][et_pb_text _builder_version=&#8221;3.0.105&#8243; text_line_height=&#8221;1.2em&#8221; text_text_color=&#8221;#000000&#8243; background_layout=&#8221;light&#8221;]<\/p>\n<p>* matches : 20 pcs, length : 95 mm<br \/>\n* matchheads colours \u2013 choice of 20 colours \u2013<a href=\"http:\/\/eng.pegom.com.pl\/index.php\/kolory-lebkow-zapalek\/\" target=\"_blank\" rel=\"noopener\"> see<\/a><br \/>\n* minimum quantity : 500 pcs<br \/>\n* standard version :<br \/>\n&#8211; full colour printed (CMYK ) + UV glossy varnish or mat offset varnish \u2013 to your choice<br \/>\n* additional options :<br \/>\n&#8211; black matchsticks \u2013 from 500 pcs of boxes<br \/>\n&#8211; printing in special Pantone colours, golden, silver, metallic and others<br \/>\n&#8211; printing on special cardboards<br \/>\n&#8211; printing inside the matchbook<br \/>\n&#8211; UV selective glossy varnish, or special varnishes<br \/>\n&#8211; hot foil stamping<br \/>\n&#8211; embossing<br \/>\n&#8211; and others\u2026 just ask !<\/p>\n<p>[\/et_pb_text][\/et_pb_column][\/et_pb_row][\/et_pb_section]<\/p>\n","protected":false},"excerpt":{"rendered":"<p>BIG BOOK MATCHES \u2013 100&#215;150 MM &nbsp; &nbsp; * matches : 20 pcs, length : 95 mm * matchheads colours \u2013 choice of 20 colours \u2013 see * minimum quantity : 500 pcs * standard version : &#8211; full colour printed (CMYK ) + UV glossy varnish or mat offset varnish \u2013 to your choice [&hellip;]<\/p>\n","protected":false},"author":1,"featured_media":0,"parent":0,"menu_order":0,"comment_status":"closed","ping_status":"closed","template":"","meta":{"_et_pb_use_builder":"on","_et_pb_old_content":"","_et_gb_content_width":""},"_links":{"self":[{"href":"https:\/\/eng.pegom.com.pl\/index.php\/wp-json\/wp\/v2\/pages\/234"}],"collection":[{"href":"https:\/\/eng.pegom.com.pl\/index.php\/wp-json\/wp\/v2\/pages"}],"about":[{"href":"https:\/\/eng.pegom.com.pl\/index.php\/wp-json\/wp\/v2\/types\/page"}],"author":[{"embeddable":true,"href":"https:\/\/eng.pegom.com.pl\/index.php\/wp-json\/wp\/v2\/users\/1"}],"replies":[{"embeddable":true,"href":"https:\/\/eng.pegom.com.pl\/index.php\/wp-json\/wp\/v2\/comments?post=234"}],"version-history":[{"count":4,"href":"https:\/\/eng.pegom.com.pl\/index.php\/wp-json\/wp\/v2\/pages\/234\/revisions"}],"predecessor-version":[{"id":446,"href":"https:\/\/eng.pegom.com.pl\/index.php\/wp-json\/wp\/v2\/pages\/234\/revisions\/446"}],"wp:attachment":[{"href":"https:\/\/eng.pegom.com.pl\/index.php\/wp-json\/wp\/v2\/media?parent=234"}],"curies":[{"name":"wp","href":"https:\/\/api.w.org\/{rel}","templated":true}]}}