{"id":40,"date":"2018-02-08T22:12:35","date_gmt":"2018-02-08T21:12:35","guid":{"rendered":"http:\/\/serwer1421977.home.pl\/home\/virtualki\/170427\/index.php\/pudelka\/"},"modified":"2018-04-12T08:02:51","modified_gmt":"2018-04-12T06:02:51","slug":"pudelka","status":"publish","type":"page","link":"https:\/\/eng.pegom.com.pl\/index.php\/pudelka\/","title":{"rendered":"MATCH BOXES"},"content":{"rendered":"<p>[et_pb_section fb_built=&#8221;1&#8243; _builder_version=&#8221;3.0.47&#8243;][et_pb_row _builder_version=&#8221;3.0.47&#8243; background_size=&#8221;initial&#8221; background_position=&#8221;top_left&#8221; background_repeat=&#8221;repeat&#8221;][et_pb_column type=&#8221;1_4&#8243; _builder_version=&#8221;3.0.47&#8243; parallax=&#8221;off&#8221; parallax_method=&#8221;on&#8221;][et_pb_blurb title=&#8221;MATCH BOXES 57x23x7 mm&#8221; url=&#8221;http:\/\/eng.pegom.com.pl\/index.php\/pudelka-57x23x7-mm\/&#8221; image=&#8221;http:\/\/eng.pegom.com.pl\/wp-content\/uploads\/2018\/03\/Pude\u0142ka-57x23x7mm.jpg&#8221; box_shadow_style_image=&#8221;preset1&#8243; _builder_version=&#8221;3.0.105&#8243; text_orientation=&#8221;center&#8221;][\/et_pb_blurb][\/et_pb_column][et_pb_column type=&#8221;1_4&#8243; _builder_version=&#8221;3.0.47&#8243; parallax=&#8221;off&#8221; parallax_method=&#8221;on&#8221;][et_pb_blurb title=&#8221;MATCH BOXES 56x36x8 mm&#8221; url=&#8221;http:\/\/eng.pegom.com.pl\/index.php\/pudelka-56x36x8-mm\/&#8221; image=&#8221;http:\/\/eng.pegom.com.pl\/wp-content\/uploads\/2018\/03\/Pude\u0142ka-56x36x8mm.jpg&#8221; box_shadow_style_image=&#8221;preset1&#8243; _builder_version=&#8221;3.0.105&#8243; text_orientation=&#8221;center&#8221;][\/et_pb_blurb][\/et_pb_column][et_pb_column type=&#8221;1_4&#8243; _builder_version=&#8221;3.0.47&#8243; parallax=&#8221;off&#8221; parallax_method=&#8221;on&#8221;][et_pb_blurb title=&#8221;MATCH BOXES 56x41x7 mm&#8221; url=&#8221;http:\/\/eng.pegom.com.pl\/index.php\/pudelka-56x41x7-mm\/&#8221; image=&#8221;http:\/\/eng.pegom.com.pl\/wp-content\/uploads\/2018\/03\/Pude\u0142ka-56x41x7mm.jpg&#8221; box_shadow_style_image=&#8221;preset1&#8243; _builder_version=&#8221;3.0.105&#8243; text_orientation=&#8221;center&#8221;][\/et_pb_blurb][\/et_pb_column][et_pb_column type=&#8221;1_4&#8243; _builder_version=&#8221;3.0.47&#8243; parallax=&#8221;off&#8221; parallax_method=&#8221;on&#8221;][et_pb_blurb title=&#8221;MATCH BOXES 56x18x18 mm&#8221; url=&#8221;http:\/\/eng.pegom.com.pl\/index.php\/pudelka-56x18x18-mm\/&#8221; image=&#8221;http:\/\/eng.pegom.com.pl\/wp-content\/uploads\/2018\/03\/Pude\u0142ka-56x18x18mm.jpg&#8221; box_shadow_style_image=&#8221;preset1&#8243; _builder_version=&#8221;3.0.105&#8243; text_orientation=&#8221;center&#8221;][\/et_pb_blurb][\/et_pb_column][\/et_pb_row][et_pb_row _builder_version=&#8221;3.0.47&#8243; background_size=&#8221;initial&#8221; background_position=&#8221;top_left&#8221; background_repeat=&#8221;repeat&#8221;][et_pb_column type=&#8221;1_4&#8243; _builder_version=&#8221;3.0.47&#8243; parallax=&#8221;off&#8221; parallax_method=&#8221;on&#8221;][et_pb_blurb title=&#8221;MATCH BOXES 55x55x9 mm&#8221; url=&#8221;http:\/\/eng.pegom.com.pl\/index.php\/pudelka-55x55x9-mm\/&#8221; image=&#8221;http:\/\/eng.pegom.com.pl\/wp-content\/uploads\/2018\/03\/Pude\u0142ka-55x55x9mm.jpg&#8221; box_shadow_style_image=&#8221;preset1&#8243; _builder_version=&#8221;3.0.105&#8243; text_orientation=&#8221;center&#8221;][\/et_pb_blurb][\/et_pb_column][et_pb_column type=&#8221;1_4&#8243; _builder_version=&#8221;3.0.47&#8243; parallax=&#8221;off&#8221; parallax_method=&#8221;on&#8221;][et_pb_blurb title=&#8221;MATCH BOXES 56x22x15 mm&#8221; url=&#8221;http:\/\/eng.pegom.com.pl\/index.php\/pudelka-56x22x15-mm\/&#8221; image=&#8221;http:\/\/eng.pegom.com.pl\/wp-content\/uploads\/2018\/03\/Pude\u0142ka-56x22x15mm.jpg&#8221; box_shadow_style_image=&#8221;preset1&#8243; _builder_version=&#8221;3.0.105&#8243; text_orientation=&#8221;center&#8221;][\/et_pb_blurb][\/et_pb_column][et_pb_column type=&#8221;1_4&#8243; _builder_version=&#8221;3.0.47&#8243; parallax=&#8221;off&#8221; parallax_method=&#8221;on&#8221;][et_pb_blurb title=&#8221;MATCH BOXES 53x36x15 mm&#8221; url=&#8221;http:\/\/eng.pegom.com.pl\/index.php\/pudelka-53x36x15-mm\/&#8221; image=&#8221;http:\/\/eng.pegom.com.pl\/wp-content\/uploads\/2018\/03\/Pude\u0142ka-53x36x15mm.jpg&#8221; box_shadow_style_image=&#8221;preset1&#8243; _builder_version=&#8221;3.0.105&#8243; text_orientation=&#8221;center&#8221;][\/et_pb_blurb][\/et_pb_column][et_pb_column type=&#8221;1_4&#8243; _builder_version=&#8221;3.0.47&#8243; parallax=&#8221;off&#8221; parallax_method=&#8221;on&#8221;][et_pb_blurb title=&#8221;MATCH BOXES \u2013 42x28x12 mm&#8221; url=&#8221;http:\/\/eng.pegom.com.pl\/index.php\/pudelka-mini-42x28x12-mm\/&#8221; image=&#8221;http:\/\/eng.pegom.com.pl\/wp-content\/uploads\/2018\/03\/Pude\u0142ka-mini-42x28x12mm.jpg&#8221; box_shadow_style_image=&#8221;preset1&#8243; _builder_version=&#8221;3.0.105&#8243; text_orientation=&#8221;center&#8221;][\/et_pb_blurb][\/et_pb_column][\/et_pb_row][et_pb_row _builder_version=&#8221;3.0.47&#8243; background_size=&#8221;initial&#8221; background_position=&#8221;top_left&#8221; background_repeat=&#8221;repeat&#8221;][et_pb_column type=&#8221;1_4&#8243; _builder_version=&#8221;3.0.47&#8243; parallax=&#8221;off&#8221; parallax_method=&#8221;on&#8221;][et_pb_blurb title=&#8221;MATCH BOXES ultra mini \u2013 22x16x10 mm&#8221; url=&#8221;http:\/\/eng.pegom.com.pl\/index.php\/pudelka-ultra-mini-22x16x10-mm\/&#8221; image=&#8221;http:\/\/eng.pegom.com.pl\/wp-content\/uploads\/2018\/03\/Pude\u0142ka-ultra-mini-22x16x10mm.jpg&#8221; box_shadow_style_image=&#8221;preset1&#8243; _builder_version=&#8221;3.0.105&#8243; text_orientation=&#8221;center&#8221;][\/et_pb_blurb][\/et_pb_column][et_pb_column type=&#8221;1_4&#8243; _builder_version=&#8221;3.0.47&#8243; parallax=&#8221;off&#8221; parallax_method=&#8221;on&#8221;][et_pb_blurb title=&#8221;MATCH BOXES 100x10x10 mm&#8221; url=&#8221;http:\/\/eng.pegom.com.pl\/index.php\/pudelka-100x10x10-mm\/&#8221; image=&#8221;http:\/\/eng.pegom.com.pl\/wp-content\/uploads\/2018\/03\/Pude\u0142ka-100x10x10mm.jpg&#8221; box_shadow_style_image=&#8221;preset1&#8243; _builder_version=&#8221;3.0.105&#8243; text_orientation=&#8221;center&#8221;][\/et_pb_blurb][\/et_pb_column][et_pb_column type=&#8221;1_4&#8243; _builder_version=&#8221;3.0.47&#8243; parallax=&#8221;off&#8221; parallax_method=&#8221;on&#8221;][et_pb_blurb title=&#8221;MATCH BOXES 110x25x10 mm&#8221; url=&#8221;http:\/\/eng.pegom.com.pl\/index.php\/pudelka-110x25x10-mm\/&#8221; image=&#8221;http:\/\/eng.pegom.com.pl\/wp-content\/uploads\/2018\/03\/Pude\u0142ka-110x25x10.jpg&#8221; box_shadow_style_image=&#8221;preset1&#8243; _builder_version=&#8221;3.0.105&#8243; text_orientation=&#8221;center&#8221;][\/et_pb_blurb][\/et_pb_column][et_pb_column type=&#8221;1_4&#8243; _builder_version=&#8221;3.0.47&#8243; parallax=&#8221;off&#8221; parallax_method=&#8221;on&#8221;][et_pb_blurb title=&#8221;TRIANGLE MATCH BOXES  55x27x27 mm&#8221; url=&#8221;http:\/\/eng.pegom.com.pl\/index.php\/pudelka-trojkatne-55x27x27-mm\/&#8221; image=&#8221;http:\/\/eng.pegom.com.pl\/wp-content\/uploads\/2018\/03\/Pude\u0142ka-tr\u00f3jk\u0105tne-55x27x27mm.jpg&#8221; box_shadow_style_image=&#8221;preset1&#8243; _builder_version=&#8221;3.0.105&#8243; text_orientation=&#8221;center&#8221;][\/et_pb_blurb][\/et_pb_column][\/et_pb_row][et_pb_row _builder_version=&#8221;3.0.47&#8243; background_size=&#8221;initial&#8221; background_position=&#8221;top_left&#8221; background_repeat=&#8221;repeat&#8221;][et_pb_column type=&#8221;1_4&#8243; _builder_version=&#8221;3.0.47&#8243; parallax=&#8221;off&#8221; parallax_method=&#8221;on&#8221;][et_pb_blurb title=&#8221;FLIP TOP BOXES \u2013 59x35x15 mm&#8221; url=&#8221;http:\/\/eng.pegom.com.pl\/index.php\/flip-top-box-59x35x15-mm\/&#8221; image=&#8221;http:\/\/eng.pegom.com.pl\/wp-content\/uploads\/2018\/03\/Flip-top-box-59x35x15mm.jpg&#8221; box_shadow_style_image=&#8221;preset1&#8243; _builder_version=&#8221;3.0.105&#8243; text_orientation=&#8221;center&#8221;][\/et_pb_blurb][\/et_pb_column][et_pb_column type=&#8221;1_4&#8243; _builder_version=&#8221;3.0.47&#8243; parallax=&#8221;off&#8221; parallax_method=&#8221;on&#8221;][et_pb_blurb title=&#8221;MATCH BOXES ZIPPO  \u2013 59x35x12 mm&#8221; url=&#8221;http:\/\/eng.pegom.com.pl\/index.php\/pudelka-zippo-59x35x12-mm\/&#8221; image=&#8221;http:\/\/eng.pegom.com.pl\/wp-content\/uploads\/2018\/03\/Pude\u0142ka-zippo-59x35x12mm.jpg&#8221; box_shadow_style_image=&#8221;preset1&#8243; _builder_version=&#8221;3.0.105&#8243; text_orientation=&#8221;center&#8221;][\/et_pb_blurb][\/et_pb_column][et_pb_column type=&#8221;1_4&#8243; _builder_version=&#8221;3.0.47&#8243; parallax=&#8221;off&#8221; parallax_method=&#8221;on&#8221;][et_pb_blurb title=&#8221;MINI FLIP TOP BOXES \u2013 48x25x10 mm&#8221; url=&#8221;http:\/\/eng.pegom.com.pl\/index.php\/mini-flip-top-box-48x25x10-mm\/&#8221; image=&#8221;http:\/\/eng.pegom.com.pl\/wp-content\/uploads\/2018\/03\/Mini-flip-top-box-48x25x10mm.jpg&#8221; box_shadow_style_image=&#8221;preset1&#8243; _builder_version=&#8221;3.0.105&#8243; text_orientation=&#8221;center&#8221;][\/et_pb_blurb][\/et_pb_column][et_pb_column type=&#8221;1_4&#8243; _builder_version=&#8221;3.0.47&#8243; parallax=&#8221;off&#8221; parallax_method=&#8221;on&#8221;][et_pb_blurb title=&#8221;BESPOKE MATCH BOXES&#8221; url=&#8221;http:\/\/eng.pegom.com.pl\/index.php\/tuby\/&#8221; image=&#8221;http:\/\/eng.pegom.com.pl\/wp-content\/uploads\/2018\/03\/Bespoke-match-boxes.jpg&#8221; box_shadow_style_image=&#8221;preset1&#8243; _builder_version=&#8221;3.0.105&#8243; text_orientation=&#8221;center&#8221;][\/et_pb_blurb][\/et_pb_column][\/et_pb_row][et_pb_row _builder_version=&#8221;3.0.47&#8243; background_size=&#8221;initial&#8221; background_position=&#8221;top_left&#8221; background_repeat=&#8221;repeat&#8221;][et_pb_column type=&#8221;1_4&#8243; _builder_version=&#8221;3.0.47&#8243; parallax=&#8221;off&#8221; parallax_method=&#8221;on&#8221;][et_pb_blurb title=&#8221;Cylindrical boxes&#8221; url=&#8221;http:\/\/eng.pegom.com.pl\/index.php\/cylindrical-boxes\/&#8221; image=&#8221;http:\/\/eng.pegom.com.pl\/wp-content\/uploads\/2018\/03\/Tuby-2-1.jpg&#8221; box_shadow_style_image=&#8221;preset1&#8243; _builder_version=&#8221;3.0.105&#8243; text_orientation=&#8221;center&#8221;][\/et_pb_blurb][\/et_pb_column][et_pb_column type=&#8221;1_4&#8243; _builder_version=&#8221;3.0.47&#8243; parallax=&#8221;off&#8221; parallax_method=&#8221;on&#8221;][\/et_pb_column][et_pb_column type=&#8221;1_4&#8243; _builder_version=&#8221;3.0.47&#8243; parallax=&#8221;off&#8221; parallax_method=&#8221;on&#8221;][\/et_pb_column][et_pb_column type=&#8221;1_4&#8243; _builder_version=&#8221;3.0.47&#8243; parallax=&#8221;off&#8221; parallax_method=&#8221;on&#8221;][\/et_pb_column][\/et_pb_row][\/et_pb_section]<\/p>\n","protected":false},"excerpt":{"rendered":"","protected":false},"author":1,"featured_media":0,"parent":0,"menu_order":0,"comment_status":"closed","ping_status":"closed","template":"","meta":{"_et_pb_use_builder":"on","_et_pb_old_content":"","_et_gb_content_width":""},"_links":{"self":[{"href":"https:\/\/eng.pegom.com.pl\/index.php\/wp-json\/wp\/v2\/pages\/40"}],"collection":[{"href":"https:\/\/eng.pegom.com.pl\/index.php\/wp-json\/wp\/v2\/pages"}],"about":[{"href":"https:\/\/eng.pegom.com.pl\/index.php\/wp-json\/wp\/v2\/types\/page"}],"author":[{"embeddable":true,"href":"https:\/\/eng.pegom.com.pl\/index.php\/wp-json\/wp\/v2\/users\/1"}],"replies":[{"embeddable":true,"href":"https:\/\/eng.pegom.com.pl\/index.php\/wp-json\/wp\/v2\/comments?post=40"}],"version-history":[{"count":15,"href":"https:\/\/eng.pegom.com.pl\/index.php\/wp-json\/wp\/v2\/pages\/40\/revisions"}],"predecessor-version":[{"id":692,"href":"https:\/\/eng.pegom.com.pl\/index.php\/wp-json\/wp\/v2\/pages\/40\/revisions\/692"}],"wp:attachment":[{"href":"https:\/\/eng.pegom.com.pl\/index.php\/wp-json\/wp\/v2\/media?parent=40"}],"curies":[{"name":"wp","href":"https:\/\/api.w.org\/{rel}","templated":true}]}}