{"id":41,"date":"2018-02-08T22:12:35","date_gmt":"2018-02-08T21:12:35","guid":{"rendered":"http:\/\/serwer1421977.home.pl\/home\/virtualki\/170427\/index.php\/ksiazeczki\/"},"modified":"2018-03-16T12:03:20","modified_gmt":"2018-03-16T11:03:20","slug":"ksiazeczki","status":"publish","type":"page","link":"https:\/\/eng.pegom.com.pl\/index.php\/ksiazeczki\/","title":{"rendered":"Ksi\u0105\u017ceczki"},"content":{"rendered":"<p>[et_pb_section bb_built=&#8221;1&#8243; _builder_version=&#8221;3.0.47&#8243;][et_pb_row _builder_version=&#8221;3.0.47&#8243; background_size=&#8221;initial&#8221; background_position=&#8221;top_left&#8221; background_repeat=&#8221;repeat&#8221;][et_pb_column type=&#8221;1_4&#8243;][et_pb_blurb title=&#8221;Book matches  55&#215;26 mm \u2013 1&#215;5&#8243; url=&#8221;http:\/\/eng.pegom.com.pl\/index.php\/ksiazeczki-55&#215;25-mm-1&#215;5\/&#8221; image=&#8221;http:\/\/eng.pegom.com.pl\/wp-content\/uploads\/2018\/03\/Ksi\u0105\u017ceczki-55&#215;26-mm-1&#215;5.jpg&#8221; box_shadow_style_image=&#8221;preset1&#8243; _builder_version=&#8221;3.0.105&#8243; text_orientation=&#8221;center&#8221; use_icon=&#8221;off&#8221; url_new_window=&#8221;off&#8221; use_circle=&#8221;off&#8221; use_circle_border=&#8221;off&#8221; icon_placement=&#8221;top&#8221; use_icon_font_size=&#8221;off&#8221; background_layout=&#8221;light&#8221; \/][\/et_pb_column][et_pb_column type=&#8221;1_4&#8243;][et_pb_blurb title=&#8221;Book matches  55x26mm \u20132&#215;5&#8243; url=&#8221;http:\/\/eng.pegom.com.pl\/index.php\/ksiazeczki-55&#215;25-mm-2&#215;5\/&#8221; image=&#8221;http:\/\/eng.pegom.com.pl\/wp-content\/uploads\/2018\/03\/Ksi\u0105\u017ceczki-55&#215;26-mm-2&#215;5.jpg&#8221; box_shadow_style_image=&#8221;preset1&#8243; _builder_version=&#8221;3.0.105&#8243; text_orientation=&#8221;center&#8221; use_icon=&#8221;off&#8221; url_new_window=&#8221;off&#8221; use_circle=&#8221;off&#8221; use_circle_border=&#8221;off&#8221; icon_placement=&#8221;top&#8221; use_icon_font_size=&#8221;off&#8221; background_layout=&#8221;light&#8221; \/][\/et_pb_column][et_pb_column type=&#8221;1_4&#8243;][et_pb_blurb title=&#8221;Book matches 50&#215;45 mm \u2013 1&#215;9&#8243; url=&#8221;http:\/\/eng.pegom.com.pl\/index.php\/ksiazeczki-50&#215;45-mm-1&#215;9\/&#8221; image=&#8221;http:\/\/eng.pegom.com.pl\/wp-content\/uploads\/2018\/03\/Ksi\u0105\u017ceczki-50&#215;45-mm-1&#215;9.jpg&#8221; box_shadow_style_image=&#8221;preset1&#8243; _builder_version=&#8221;3.0.105&#8243; text_orientation=&#8221;center&#8221; use_icon=&#8221;off&#8221; url_new_window=&#8221;off&#8221; use_circle=&#8221;off&#8221; use_circle_border=&#8221;off&#8221; icon_placement=&#8221;top&#8221; use_icon_font_size=&#8221;off&#8221; background_layout=&#8221;light&#8221; \/][\/et_pb_column][et_pb_column type=&#8221;1_4&#8243;][et_pb_blurb title=&#8221;Book matches 50&#215;45 mm \u2013 2&#215;9&#8243; image=&#8221;http:\/\/eng.pegom.com.pl\/wp-content\/uploads\/2018\/03\/Ksi\u0105\u017ceczki-50x45mm-2&#215;9.jpg&#8221; box_shadow_style_image=&#8221;preset1&#8243; _builder_version=&#8221;3.0.105&#8243; text_orientation=&#8221;center&#8221; use_icon=&#8221;off&#8221; url=&#8221;http:\/\/eng.pegom.com.pl\/index.php\/ksiazeczki-50&#215;45-mm-2&#215;9\/&#8221; url_new_window=&#8221;off&#8221; use_circle=&#8221;off&#8221; use_circle_border=&#8221;off&#8221; icon_placement=&#8221;top&#8221; use_icon_font_size=&#8221;off&#8221; background_layout=&#8221;light&#8221; \/][\/et_pb_column][\/et_pb_row][et_pb_row _builder_version=&#8221;3.0.47&#8243; background_size=&#8221;initial&#8221; background_position=&#8221;top_left&#8221; background_repeat=&#8221;repeat&#8221;][et_pb_column type=&#8221;1_4&#8243;][et_pb_blurb title=&#8221;Book matches 50&#215;55 mm \u2013 1&#215;10&#8243; image=&#8221;http:\/\/eng.pegom.com.pl\/wp-content\/uploads\/2018\/03\/Ksi\u0105\u017ceczki-50x55mm-1&#215;10.jpg&#8221; box_shadow_style_image=&#8221;preset1&#8243; _builder_version=&#8221;3.0.105&#8243; text_orientation=&#8221;center&#8221; use_icon=&#8221;off&#8221; url=&#8221;http:\/\/eng.pegom.com.pl\/index.php\/ksiazeczki-50&#215;55-mm-1&#215;10\/&#8221; url_new_window=&#8221;off&#8221; use_circle=&#8221;off&#8221; use_circle_border=&#8221;off&#8221; icon_placement=&#8221;top&#8221; use_icon_font_size=&#8221;off&#8221; background_layout=&#8221;light&#8221; \/][\/et_pb_column][et_pb_column type=&#8221;1_4&#8243;][et_pb_blurb title=&#8221;Book matches 50&#215;55 mm \u2013 2&#215;10&#8243; image=&#8221;http:\/\/eng.pegom.com.pl\/wp-content\/uploads\/2018\/03\/Ksi\u0105\u017ceczki-50x55mm-2&#215;10.jpg&#8221; box_shadow_style_image=&#8221;preset1&#8243; _builder_version=&#8221;3.0.105&#8243; text_orientation=&#8221;center&#8221; use_icon=&#8221;off&#8221; url=&#8221;http:\/\/eng.pegom.com.pl\/index.php\/ksiazeczki-50&#215;55-mm-2&#215;10\/&#8221; url_new_window=&#8221;off&#8221; use_circle=&#8221;off&#8221; use_circle_border=&#8221;off&#8221; icon_placement=&#8221;top&#8221; use_icon_font_size=&#8221;off&#8221; background_layout=&#8221;light&#8221; \/][\/et_pb_column][et_pb_column type=&#8221;1_4&#8243;][et_pb_blurb title=&#8221;Big book matches \u2013 100&#215;75 mm \u2013 1&#215;10&#8243; image=&#8221;http:\/\/eng.pegom.com.pl\/wp-content\/uploads\/2018\/03\/Ksi\u0105\u017ceczki-du\u017ce-100&#215;75-mm-1&#215;10.jpg&#8221; box_shadow_style_image=&#8221;preset1&#8243; _builder_version=&#8221;3.0.105&#8243; text_orientation=&#8221;center&#8221; use_icon=&#8221;off&#8221; url=&#8221;http:\/\/eng.pegom.com.pl\/index.php\/ksiazeczki-duze-100&#215;75-mm-1&#215;10\/&#8221; url_new_window=&#8221;off&#8221; use_circle=&#8221;off&#8221; use_circle_border=&#8221;off&#8221; icon_placement=&#8221;top&#8221; use_icon_font_size=&#8221;off&#8221; background_layout=&#8221;light&#8221; \/][\/et_pb_column][et_pb_column type=&#8221;1_4&#8243;][et_pb_blurb title=&#8221;Big book matches \u2013 100&#215;150 mm \u2013 2&#215;10&#8243; image=&#8221;http:\/\/eng.pegom.com.pl\/wp-content\/uploads\/2018\/03\/Ksi\u0105\u017ceczki-du\u017ce-100x150mm-2&#215;10.jpg&#8221; box_shadow_style_image=&#8221;preset1&#8243; _builder_version=&#8221;3.0.105&#8243; text_orientation=&#8221;center&#8221; use_icon=&#8221;off&#8221; url=&#8221;http:\/\/eng.pegom.com.pl\/index.php\/ksiazeczki-duze-100&#215;150-mm-2&#215;10\/&#8221; url_new_window=&#8221;off&#8221; use_circle=&#8221;off&#8221; use_circle_border=&#8221;off&#8221; icon_placement=&#8221;top&#8221; use_icon_font_size=&#8221;off&#8221; background_layout=&#8221;light&#8221; \/][\/et_pb_column][\/et_pb_row][et_pb_row _builder_version=&#8221;3.0.47&#8243; background_size=&#8221;initial&#8221; background_position=&#8221;top_left&#8221; background_repeat=&#8221;repeat&#8221;][et_pb_column type=&#8221;1_4&#8243;][et_pb_blurb title=&#8221;Book matches \u2013 different shapes&#8221; image=&#8221;http:\/\/eng.pegom.com.pl\/wp-content\/uploads\/2018\/03\/Ksi\u0105\u017ceczki-r\u00f3\u017cne-kszta\u0142ty.jpg&#8221; box_shadow_style_image=&#8221;preset1&#8243; _builder_version=&#8221;3.0.105&#8243; text_orientation=&#8221;center&#8221; use_icon=&#8221;off&#8221; url=&#8221;http:\/\/eng.pegom.com.pl\/index.php\/ksiazeczki-rozne-ksztalty\/&#8221; url_new_window=&#8221;off&#8221; use_circle=&#8221;off&#8221; use_circle_border=&#8221;off&#8221; icon_placement=&#8221;top&#8221; use_icon_font_size=&#8221;off&#8221; background_layout=&#8221;light&#8221; \/][\/et_pb_column][et_pb_column type=&#8221;1_4&#8243;][\/et_pb_column][et_pb_column type=&#8221;1_4&#8243;][\/et_pb_column][et_pb_column type=&#8221;1_4&#8243;][\/et_pb_column][\/et_pb_row][\/et_pb_section]<\/p>\n","protected":false},"excerpt":{"rendered":"","protected":false},"author":1,"featured_media":0,"parent":0,"menu_order":0,"comment_status":"closed","ping_status":"closed","template":"","meta":{"_et_pb_use_builder":"on","_et_pb_old_content":"","_et_gb_content_width":""},"_links":{"self":[{"href":"https:\/\/eng.pegom.com.pl\/index.php\/wp-json\/wp\/v2\/pages\/41"}],"collection":[{"href":"https:\/\/eng.pegom.com.pl\/index.php\/wp-json\/wp\/v2\/pages"}],"about":[{"href":"https:\/\/eng.pegom.com.pl\/index.php\/wp-json\/wp\/v2\/types\/page"}],"author":[{"embeddable":true,"href":"https:\/\/eng.pegom.com.pl\/index.php\/wp-json\/wp\/v2\/users\/1"}],"replies":[{"embeddable":true,"href":"https:\/\/eng.pegom.com.pl\/index.php\/wp-json\/wp\/v2\/comments?post=41"}],"version-history":[{"count":7,"href":"https:\/\/eng.pegom.com.pl\/index.php\/wp-json\/wp\/v2\/pages\/41\/revisions"}],"predecessor-version":[{"id":601,"href":"https:\/\/eng.pegom.com.pl\/index.php\/wp-json\/wp\/v2\/pages\/41\/revisions\/601"}],"wp:attachment":[{"href":"https:\/\/eng.pegom.com.pl\/index.php\/wp-json\/wp\/v2\/media?parent=41"}],"curies":[{"name":"wp","href":"https:\/\/api.w.org\/{rel}","templated":true}]}}