{"id":44,"date":"2018-02-08T22:12:35","date_gmt":"2018-02-08T21:12:35","guid":{"rendered":"http:\/\/serwer1421977.home.pl\/home\/virtualki\/170427\/index.php\/nasze-mozliwosci\/"},"modified":"2018-03-16T12:09:47","modified_gmt":"2018-03-16T11:09:47","slug":"nasze-mozliwosci","status":"publish","type":"page","link":"https:\/\/eng.pegom.com.pl\/index.php\/nasze-mozliwosci\/","title":{"rendered":"OUR POSSIBILITIES"},"content":{"rendered":"<p>[et_pb_section bb_built=&#8221;1&#8243; _builder_version=&#8221;3.0.47&#8243;][et_pb_row][et_pb_column type=&#8221;1_4&#8243;][et_pb_blurb _builder_version=&#8221;3.0.105&#8243; use_icon=&#8221;off&#8221; url_new_window=&#8221;off&#8221; use_circle=&#8221;off&#8221; use_circle_border=&#8221;off&#8221; icon_placement=&#8221;top&#8221; use_icon_font_size=&#8221;off&#8221; box_shadow_style_image=&#8221;preset1&#8243; background_layout=&#8221;light&#8221; text_orientation=&#8221;center&#8221; title=&#8221;Matchheads colours&#8221; image=&#8221;http:\/\/eng.pegom.com.pl\/wp-content\/uploads\/2018\/03\/Kolory-\u0142ebk\u00f3w-zapa\u0142ek..jpg&#8221; url=&#8221;http:\/\/eng.pegom.com.pl\/index.php\/kolory-lebkow-zapalek\/&#8221; \/][\/et_pb_column][et_pb_column type=&#8221;1_4&#8243;][et_pb_blurb _builder_version=&#8221;3.0.105&#8243; use_icon=&#8221;off&#8221; url_new_window=&#8221;off&#8221; use_circle=&#8221;off&#8221; use_circle_border=&#8221;off&#8221; icon_placement=&#8221;top&#8221; use_icon_font_size=&#8221;off&#8221; box_shadow_style_image=&#8221;preset1&#8243; background_layout=&#8221;light&#8221; text_orientation=&#8221;center&#8221; title=&#8221;Additional colours of striker&#8221; image=&#8221;http:\/\/eng.pegom.com.pl\/wp-content\/uploads\/2018\/03\/Kolory-potarki..jpg&#8221; url=&#8221;http:\/\/eng.pegom.com.pl\/index.php\/kolory-potarki\/&#8221; \/][\/et_pb_column][et_pb_column type=&#8221;1_4&#8243;][et_pb_blurb _builder_version=&#8221;3.0.105&#8243; use_icon=&#8221;off&#8221; url_new_window=&#8221;off&#8221; use_circle=&#8221;off&#8221; use_circle_border=&#8221;off&#8221; icon_placement=&#8221;top&#8221; use_icon_font_size=&#8221;off&#8221; box_shadow_style_image=&#8221;preset1&#8243; background_layout=&#8221;light&#8221; text_orientation=&#8221;center&#8221; title=&#8221;Black matchsticks&#8221; image=&#8221;http:\/\/eng.pegom.com.pl\/wp-content\/uploads\/2018\/03\/Czarne-patyczki-zapa\u0142ek.jpg&#8221; url=&#8221;http:\/\/eng.pegom.com.pl\/index.php\/czarne-patyczki-zapalek\/&#8221; \/][\/et_pb_column][et_pb_column type=&#8221;1_4&#8243;][et_pb_blurb _builder_version=&#8221;3.0.105&#8243; use_icon=&#8221;off&#8221; url_new_window=&#8221;off&#8221; use_circle=&#8221;off&#8221; use_circle_border=&#8221;off&#8221; icon_placement=&#8221;top&#8221; use_icon_font_size=&#8221;off&#8221; box_shadow_style_image=&#8221;preset1&#8243; background_layout=&#8221;light&#8221; text_orientation=&#8221;center&#8221; title=&#8221;Coloured matchsticks&#8221; image=&#8221;http:\/\/eng.pegom.com.pl\/wp-content\/uploads\/2018\/03\/Kolorowe-patyczki-zapa\u0142ek.jpg&#8221; url=&#8221;http:\/\/eng.pegom.com.pl\/index.php\/kolorowe-patyczki-zapalek\/&#8221; \/][\/et_pb_column][\/et_pb_row][et_pb_row][et_pb_column type=&#8221;1_4&#8243;][et_pb_blurb _builder_version=&#8221;3.0.105&#8243; use_icon=&#8221;off&#8221; url_new_window=&#8221;off&#8221; use_circle=&#8221;off&#8221; use_circle_border=&#8221;off&#8221; icon_placement=&#8221;top&#8221; use_icon_font_size=&#8221;off&#8221; box_shadow_style_image=&#8221;preset1&#8243; background_layout=&#8221;light&#8221; text_orientation=&#8221;center&#8221; title=&#8221;Additional options&#8221; image=&#8221;http:\/\/eng.pegom.com.pl\/wp-content\/uploads\/2018\/03\/mieszane-kolory-\u0142ebk\u00f3w-zapa\u0142ek-kolorowa-szufladka.jpg&#8221; url=&#8221;http:\/\/eng.pegom.com.pl\/index.php\/opcje-dodatkowe\/&#8221; \/][\/et_pb_column][et_pb_column type=&#8221;1_4&#8243;][et_pb_blurb _builder_version=&#8221;3.0.105&#8243; use_icon=&#8221;off&#8221; url_new_window=&#8221;off&#8221; use_circle=&#8221;off&#8221; use_circle_border=&#8221;off&#8221; icon_placement=&#8221;top&#8221; use_icon_font_size=&#8221;off&#8221; box_shadow_style_image=&#8221;preset1&#8243; background_layout=&#8221;light&#8221; text_orientation=&#8221;center&#8221; title=&#8221;Small and express orders&#8221; image=&#8221;http:\/\/eng.pegom.com.pl\/wp-content\/uploads\/2018\/03\/Pude\u0142ka-56x36x8-z-nalepk\u0105.jpg&#8221; url=&#8221;http:\/\/eng.pegom.com.pl\/index.php\/male-zamowienia\/&#8221; \/][\/et_pb_column][et_pb_column type=&#8221;1_4&#8243;][et_pb_blurb _builder_version=&#8221;3.0.105&#8243; use_icon=&#8221;off&#8221; url_new_window=&#8221;off&#8221; use_circle=&#8221;off&#8221; use_circle_border=&#8221;off&#8221; icon_placement=&#8221;top&#8221; use_icon_font_size=&#8221;off&#8221; box_shadow_style_image=&#8221;preset1&#8243; background_layout=&#8221;light&#8221; text_orientation=&#8221;center&#8221; title=&#8221;NEW PRODUCT  : Toothpicks !&#8221; image=&#8221;http:\/\/eng.pegom.com.pl\/wp-content\/uploads\/2018\/03\/Wyka\u0142aczki.jpg&#8221; url=&#8221;http:\/\/eng.pegom.com.pl\/index.php\/nowosc-wykalaczki\/&#8221; \/][\/et_pb_column][et_pb_column type=&#8221;1_4&#8243;][\/et_pb_column][\/et_pb_row][\/et_pb_section]<\/p>\n","protected":false},"excerpt":{"rendered":"<p><div class=\"et_pb_row et_pb_row_0 et_pb_row_empty\">\n\t\t\t\t\n\t\t\t\t\n\t\t\t\t\n\t\t\t<\/div><div class=\"et_pb_row et_pb_row_1 et_pb_row_empty\">\n\t\t\t\t\n\t\t\t\t\n\t\t\t\t\n\t\t\t<\/div><\/p>\n","protected":false},"author":1,"featured_media":0,"parent":0,"menu_order":0,"comment_status":"closed","ping_status":"closed","template":"","meta":{"_et_pb_use_builder":"on","_et_pb_old_content":"","_et_gb_content_width":""},"_links":{"self":[{"href":"https:\/\/eng.pegom.com.pl\/index.php\/wp-json\/wp\/v2\/pages\/44"}],"collection":[{"href":"https:\/\/eng.pegom.com.pl\/index.php\/wp-json\/wp\/v2\/pages"}],"about":[{"href":"https:\/\/eng.pegom.com.pl\/index.php\/wp-json\/wp\/v2\/types\/page"}],"author":[{"embeddable":true,"href":"https:\/\/eng.pegom.com.pl\/index.php\/wp-json\/wp\/v2\/users\/1"}],"replies":[{"embeddable":true,"href":"https:\/\/eng.pegom.com.pl\/index.php\/wp-json\/wp\/v2\/comments?post=44"}],"version-history":[{"count":11,"href":"https:\/\/eng.pegom.com.pl\/index.php\/wp-json\/wp\/v2\/pages\/44\/revisions"}],"predecessor-version":[{"id":603,"href":"https:\/\/eng.pegom.com.pl\/index.php\/wp-json\/wp\/v2\/pages\/44\/revisions\/603"}],"wp:attachment":[{"href":"https:\/\/eng.pegom.com.pl\/index.php\/wp-json\/wp\/v2\/media?parent=44"}],"curies":[{"name":"wp","href":"https:\/\/api.w.org\/{rel}","templated":true}]}}