{"id":463,"date":"2018-03-11T22:31:34","date_gmt":"2018-03-11T21:31:34","guid":{"rendered":"http:\/\/serwer1421977.home.pl\/home\/virtualki\/170427\/?page_id=463"},"modified":"2018-03-29T13:31:30","modified_gmt":"2018-03-29T11:31:30","slug":"tuby-zapalki-w-opakowaniach-cylindrycznych","status":"publish","type":"page","link":"https:\/\/eng.pegom.com.pl\/index.php\/tuby-zapalki-w-opakowaniach-cylindrycznych\/","title":{"rendered":"TUBY \u2013 ZAPA\u0141KI W OPAKOWANIACH CYLINDRYCZNYCH"},"content":{"rendered":"<p>[et_pb_section fb_built=&#8221;1&#8243; _builder_version=&#8221;3.0.47&#8243;][et_pb_row _builder_version=&#8221;3.0.47&#8243; background_size=&#8221;initial&#8221; background_position=&#8221;top_left&#8221; background_repeat=&#8221;repeat&#8221;][et_pb_column type=&#8221;4_4&#8243; _builder_version=&#8221;3.0.47&#8243; parallax=&#8221;off&#8221; parallax_method=&#8221;on&#8221;][et_pb_text _builder_version=&#8221;3.0.105&#8243;]<\/p>\n<h2 style=\"text-align: center;\"><strong>BESPOKE BOXES \u2013 DIFFERENT SHAPES<\/strong><\/h2>\n<p>[\/et_pb_text][et_pb_divider color=&#8221;#000066&#8243; show_divider=&#8221;on&#8221; divider_style=&#8221;dotted&#8221; divider_weight=&#8221;3&#8243; _builder_version=&#8221;3.0.105&#8243;][\/et_pb_divider][\/et_pb_column][\/et_pb_row][et_pb_row _builder_version=&#8221;3.0.47&#8243; background_size=&#8221;initial&#8221; background_position=&#8221;top_left&#8221; background_repeat=&#8221;repeat&#8221;][et_pb_column type=&#8221;1_2&#8243; _builder_version=&#8221;3.0.47&#8243; parallax=&#8221;off&#8221; parallax_method=&#8221;on&#8221;][et_pb_image src=&#8221;http:\/\/eng.pegom.com.pl\/wp-content\/uploads\/2018\/03\/Pude\u0142ka-na-zam\u00f3wienie-r\u00f3\u017cne-kszta\u0142ty-2.jpg&#8221; show_in_lightbox=&#8221;on&#8221; align=&#8221;center&#8221; _builder_version=&#8221;3.0.105&#8243; box_shadow_style=&#8221;preset2&#8243;][\/et_pb_image][\/et_pb_column][et_pb_column type=&#8221;1_2&#8243; _builder_version=&#8221;3.0.47&#8243; parallax=&#8221;off&#8221; parallax_method=&#8221;on&#8221;][et_pb_text _builder_version=&#8221;3.0.105&#8243; text_text_color=&#8221;#000000&#8243; text_line_height=&#8221;1.2em&#8221;]* shape and dimensions of a box \u2013 according to individual arrangements<br \/>\n* matches \u2013 according to individual arrangements<br \/>\n* matchheads colours \u2013 choice of 20 colours <a href=\"http:\/\/eng.pegom.com.pl\/index.php\/kolory-lebkow-zapalek\/\" target=\"_blank\" rel=\"noopener\">\u2013 see<\/a><br \/>\n* minimum quantity : 1000 &#8211; 3000 pcs<br \/>\n* standard version :<br \/>\n&#8211; full colour printed (CMYK ) + UV glossy varnish or mat offset varnish \u2013 to your choice<br \/>\n* additional options :<br \/>\n&#8211; black matchsticks<br \/>\n&#8211; coloured matchsticks <a href=\"http:\/\/eng.pegom.com.pl\/index.php\/kolorowe-patyczki-zapalek\/\" target=\"_blank\" rel=\"noopener\">\u2013- see<\/a><br \/>\n&#8211; coloured striker ( from 1000 pcs of boxes ) <a href=\"http:\/\/eng.pegom.com.pl\/index.php\/kolory-potarki\/\" target=\"_blank\" rel=\"noopener\">\u2013 see<\/a><br \/>\n&#8211; mixed matchheads colours in a box<br \/>\n&#8211; printing in special Pantone colours, golden, silver, metallic and others<br \/>\n&#8211; printing on special cardboards<br \/>\n&#8211; coloured or printed drawer<br \/>\n&#8211; UV selective glossy varnish, or special varnishes<br \/>\n&#8211; hot foil stamping<br \/>\n&#8211; embossing<br \/>\n&#8211; and others\u2026 just ask !<\/p>\n<p>UPON YOUR REQUEST WE WILL MAKE ANY TECHNICALLY POSSIBLE BOX SHAPE !<br \/>\n[\/et_pb_text][\/et_pb_column][\/et_pb_row][\/et_pb_section]<\/p>\n","protected":false},"excerpt":{"rendered":"<p>BESPOKE BOXES \u2013 DIFFERENT SHAPES * shape and dimensions of a box \u2013 according to individual arrangements * matches \u2013 according to individual arrangements * matchheads colours \u2013 choice of 20 colours \u2013 see * minimum quantity : 1000 &#8211; 3000 pcs * standard version : &#8211; full colour printed (CMYK ) + UV glossy [&hellip;]<\/p>\n","protected":false},"author":1,"featured_media":0,"parent":0,"menu_order":0,"comment_status":"closed","ping_status":"closed","template":"","meta":{"_et_pb_use_builder":"on","_et_pb_old_content":"","_et_gb_content_width":""},"_links":{"self":[{"href":"https:\/\/eng.pegom.com.pl\/index.php\/wp-json\/wp\/v2\/pages\/463"}],"collection":[{"href":"https:\/\/eng.pegom.com.pl\/index.php\/wp-json\/wp\/v2\/pages"}],"about":[{"href":"https:\/\/eng.pegom.com.pl\/index.php\/wp-json\/wp\/v2\/types\/page"}],"author":[{"embeddable":true,"href":"https:\/\/eng.pegom.com.pl\/index.php\/wp-json\/wp\/v2\/users\/1"}],"replies":[{"embeddable":true,"href":"https:\/\/eng.pegom.com.pl\/index.php\/wp-json\/wp\/v2\/comments?post=463"}],"version-history":[{"count":5,"href":"https:\/\/eng.pegom.com.pl\/index.php\/wp-json\/wp\/v2\/pages\/463\/revisions"}],"predecessor-version":[{"id":685,"href":"https:\/\/eng.pegom.com.pl\/index.php\/wp-json\/wp\/v2\/pages\/463\/revisions\/685"}],"wp:attachment":[{"href":"https:\/\/eng.pegom.com.pl\/index.php\/wp-json\/wp\/v2\/media?parent=463"}],"curies":[{"name":"wp","href":"https:\/\/api.w.org\/{rel}","templated":true}]}}