{"id":482,"date":"2018-03-12T14:24:11","date_gmt":"2018-03-12T13:24:11","guid":{"rendered":"http:\/\/serwer1421977.home.pl\/home\/virtualki\/170427\/index.php\/kolory-lebkow-zapalek\/"},"modified":"2018-03-19T00:02:00","modified_gmt":"2018-03-18T23:02:00","slug":"kolory-lebkow-zapalek","status":"publish","type":"page","link":"https:\/\/eng.pegom.com.pl\/index.php\/kolory-lebkow-zapalek\/","title":{"rendered":"Kolory \u0142ebk\u00f3w zapa\u0142ek"},"content":{"rendered":"<p>[et_pb_section bb_built=&#8221;1&#8243; _builder_version=&#8221;3.0.47&#8243;][et_pb_row _builder_version=&#8221;3.0.47&#8243; background_size=&#8221;initial&#8221; background_position=&#8221;top_left&#8221; background_repeat=&#8221;repeat&#8221;][et_pb_column type=&#8221;4_4&#8243;][et_pb_text _builder_version=&#8221;3.0.105&#8243; background_layout=&#8221;light&#8221;]<\/p>\n<h2 style=\"text-align: center;\"><strong>MATCHHEADS COLOURS<\/strong><\/h2>\n<p>[\/et_pb_text][et_pb_divider color=&#8221;#000066&#8243; show_divider=&#8221;on&#8221; divider_style=&#8221;dotted&#8221; divider_weight=&#8221;3&#8243; _builder_version=&#8221;3.0.105&#8243;]<\/p>\n<p>&nbsp;<\/p>\n<p>[\/et_pb_divider][\/et_pb_column][\/et_pb_row][et_pb_row _builder_version=&#8221;3.0.47&#8243; background_size=&#8221;initial&#8221; background_position=&#8221;top_left&#8221; background_repeat=&#8221;repeat&#8221;][et_pb_column type=&#8221;1_2&#8243;][et_pb_image src=&#8221;http:\/\/eng.pegom.com.pl\/wp-content\/uploads\/2018\/03\/Kolory-\u0142ebk\u00f3w-zapa\u0142ek..jpg&#8221; show_in_lightbox=&#8221;on&#8221; align=&#8221;center&#8221; _builder_version=&#8221;3.0.105&#8243; box_shadow_style=&#8221;preset2&#8243; url_new_window=&#8221;off&#8221; always_center_on_mobile=&#8221;on&#8221; use_overlay=&#8221;off&#8221; force_fullwidth=&#8221;off&#8221; show_bottom_space=&#8221;on&#8221;]<\/p>\n<p>&nbsp;<\/p>\n<p>[\/et_pb_image][\/et_pb_column][et_pb_column type=&#8221;1_2&#8243;][et_pb_text _builder_version=&#8221;3.0.105&#8243; text_line_height=&#8221;1.2em&#8221; text_text_color=&#8221;#000000&#8243; background_layout=&#8221;light&#8221;]<\/p>\n<p>20 matchheads colours to your choice<br \/>\nFor long matches ( 70mm and longer \u2013 see \u201eLONG MATCHES\u201d ) , for bigger  quantities we can offer even more matchheads colours \u2013 according to Pantone scale<\/p>\n<p>[\/et_pb_text][\/et_pb_column][\/et_pb_row][\/et_pb_section]<\/p>\n","protected":false},"excerpt":{"rendered":"<p>MATCHHEADS COLOURS &nbsp; &nbsp; 20 matchheads colours to your choice For long matches ( 70mm and longer \u2013 see \u201eLONG MATCHES\u201d ) , for bigger quantities we can offer even more matchheads colours \u2013 according to Pantone scale<\/p>\n","protected":false},"author":1,"featured_media":0,"parent":0,"menu_order":0,"comment_status":"closed","ping_status":"closed","template":"","meta":{"_et_pb_use_builder":"on","_et_pb_old_content":"","_et_gb_content_width":""},"_links":{"self":[{"href":"https:\/\/eng.pegom.com.pl\/index.php\/wp-json\/wp\/v2\/pages\/482"}],"collection":[{"href":"https:\/\/eng.pegom.com.pl\/index.php\/wp-json\/wp\/v2\/pages"}],"about":[{"href":"https:\/\/eng.pegom.com.pl\/index.php\/wp-json\/wp\/v2\/types\/page"}],"author":[{"embeddable":true,"href":"https:\/\/eng.pegom.com.pl\/index.php\/wp-json\/wp\/v2\/users\/1"}],"replies":[{"embeddable":true,"href":"https:\/\/eng.pegom.com.pl\/index.php\/wp-json\/wp\/v2\/comments?post=482"}],"version-history":[{"count":3,"href":"https:\/\/eng.pegom.com.pl\/index.php\/wp-json\/wp\/v2\/pages\/482\/revisions"}],"predecessor-version":[{"id":652,"href":"https:\/\/eng.pegom.com.pl\/index.php\/wp-json\/wp\/v2\/pages\/482\/revisions\/652"}],"wp:attachment":[{"href":"https:\/\/eng.pegom.com.pl\/index.php\/wp-json\/wp\/v2\/media?parent=482"}],"curies":[{"name":"wp","href":"https:\/\/api.w.org\/{rel}","templated":true}]}}