{"id":486,"date":"2018-03-12T14:24:11","date_gmt":"2018-03-12T13:24:11","guid":{"rendered":"http:\/\/serwer1421977.home.pl\/home\/virtualki\/170427\/index.php\/opcje-dodatkowe\/"},"modified":"2018-03-19T00:06:21","modified_gmt":"2018-03-18T23:06:21","slug":"opcje-dodatkowe","status":"publish","type":"page","link":"https:\/\/eng.pegom.com.pl\/index.php\/opcje-dodatkowe\/","title":{"rendered":"Opcje dodatkowe"},"content":{"rendered":"<p>[et_pb_section bb_built=&#8221;1&#8243; _builder_version=&#8221;3.0.47&#8243;][et_pb_row _builder_version=&#8221;3.0.47&#8243; background_size=&#8221;initial&#8221; background_position=&#8221;top_left&#8221; background_repeat=&#8221;repeat&#8221;][et_pb_column type=&#8221;4_4&#8243;][et_pb_text _builder_version=&#8221;3.0.105&#8243; background_layout=&#8221;light&#8221;]<\/p>\n<h2 style=\"text-align: center;\"><strong>Opcje dodatkowe<\/strong><\/h2>\n<p>[\/et_pb_text][et_pb_divider color=&#8221;#000066&#8243; show_divider=&#8221;on&#8221; divider_style=&#8221;dotted&#8221; divider_weight=&#8221;3&#8243; _builder_version=&#8221;3.0.105&#8243;]<\/p>\n<p><\/p>\n<p>[\/et_pb_divider][\/et_pb_column][\/et_pb_row][et_pb_row _builder_version=&#8221;3.0.47&#8243; background_size=&#8221;initial&#8221; background_position=&#8221;top_left&#8221; background_repeat=&#8221;repeat&#8221;][et_pb_column type=&#8221;1_3&#8243;][et_pb_blurb _builder_version=&#8221;3.0.105&#8243; use_icon=&#8221;off&#8221; image=&#8221;http:\/\/eng.pegom.com.pl\/wp-content\/uploads\/2018\/03\/mieszane-kolory-\u0142ebk\u00f3w-zapa\u0142ek-kolorowa-szufladka.jpg&#8221; url_new_window=&#8221;off&#8221; title=&#8221;mixed matchheads colours in a box&#8221; use_circle=&#8221;off&#8221; use_circle_border=&#8221;off&#8221; icon_placement=&#8221;top&#8221; use_icon_font_size=&#8221;off&#8221; background_layout=&#8221;light&#8221; text_orientation=&#8221;center&#8221; \/][\/et_pb_column][et_pb_column type=&#8221;1_3&#8243;][et_pb_blurb _builder_version=&#8221;3.0.105&#8243; use_icon=&#8221;off&#8221; image=&#8221;http:\/\/eng.pegom.com.pl\/wp-content\/uploads\/2018\/03\/kolorowa-szufladka.jpg&#8221; url_new_window=&#8221;off&#8221; title=&#8221;coloured drawer&#8221; use_circle=&#8221;off&#8221; use_circle_border=&#8221;off&#8221; icon_placement=&#8221;top&#8221; use_icon_font_size=&#8221;off&#8221; background_layout=&#8221;light&#8221; text_orientation=&#8221;center&#8221; \/][\/et_pb_column][et_pb_column type=&#8221;1_3&#8243;][et_pb_blurb _builder_version=&#8221;3.0.105&#8243; use_icon=&#8221;off&#8221; image=&#8221;http:\/\/eng.pegom.com.pl\/wp-content\/uploads\/2018\/03\/zadrukowana-szufladka-Kopia.jpg&#8221; url_new_window=&#8221;off&#8221; title=&#8221;printed drawer&#8221; use_circle=&#8221;off&#8221; use_circle_border=&#8221;off&#8221; icon_placement=&#8221;top&#8221; use_icon_font_size=&#8221;off&#8221; background_layout=&#8221;light&#8221; text_orientation=&#8221;center&#8221; \/][\/et_pb_column][\/et_pb_row][et_pb_row _builder_version=&#8221;3.0.47&#8243; background_size=&#8221;initial&#8221; background_position=&#8221;top_left&#8221; background_repeat=&#8221;repeat&#8221;][et_pb_column type=&#8221;1_3&#8243;][et_pb_blurb _builder_version=&#8221;3.0.105&#8243; use_icon=&#8221;off&#8221; image=&#8221;http:\/\/eng.pegom.com.pl\/wp-content\/uploads\/2018\/03\/kartony-specjalne.jpg&#8221; url_new_window=&#8221;off&#8221; title=&#8221;printing on special cardboards&#8221; use_circle=&#8221;off&#8221; use_circle_border=&#8221;off&#8221; icon_placement=&#8221;top&#8221; use_icon_font_size=&#8221;off&#8221; background_layout=&#8221;light&#8221; text_orientation=&#8221;center&#8221; \/][\/et_pb_column][et_pb_column type=&#8221;1_3&#8243;][et_pb_blurb _builder_version=&#8221;3.0.105&#8243; use_icon=&#8221;off&#8221; image=&#8221;http:\/\/eng.pegom.com.pl\/wp-content\/uploads\/2018\/03\/T\u0142oczenie-z\u0142ot\u0105-foli\u0105.jpg&#8221; url_new_window=&#8221;off&#8221; title=&#8221;hot foil stamping&#8221; use_circle=&#8221;off&#8221; use_circle_border=&#8221;off&#8221; icon_placement=&#8221;top&#8221; use_icon_font_size=&#8221;off&#8221; background_layout=&#8221;light&#8221; text_orientation=&#8221;center&#8221; \/][\/et_pb_column][et_pb_column type=&#8221;1_3&#8243;][et_pb_blurb _builder_version=&#8221;3.0.105&#8243; use_icon=&#8221;off&#8221; image=&#8221;http:\/\/eng.pegom.com.pl\/wp-content\/uploads\/2018\/03\/Pregowanie-t\u0142oczenie-wypuk\u0142e.jpg&#8221; url_new_window=&#8221;off&#8221; title=&#8221;embossing&#8221; use_circle=&#8221;off&#8221; use_circle_border=&#8221;off&#8221; icon_placement=&#8221;top&#8221; use_icon_font_size=&#8221;off&#8221; background_layout=&#8221;light&#8221; text_orientation=&#8221;center&#8221; \/][\/et_pb_column][\/et_pb_row][et_pb_row _builder_version=&#8221;3.0.47&#8243; background_size=&#8221;initial&#8221; background_position=&#8221;top_left&#8221; background_repeat=&#8221;repeat&#8221;][et_pb_column type=&#8221;1_3&#8243;][et_pb_blurb _builder_version=&#8221;3.0.105&#8243; use_icon=&#8221;off&#8221; image=&#8221;http:\/\/eng.pegom.com.pl\/wp-content\/uploads\/2018\/03\/Lakier-uv-wybi\u00f3rczy.jpg&#8221; url_new_window=&#8221;off&#8221; title=&#8221;selective uv varnish&#8221; use_circle=&#8221;off&#8221; use_circle_border=&#8221;off&#8221; icon_placement=&#8221;top&#8221; use_icon_font_size=&#8221;off&#8221; background_layout=&#8221;light&#8221; text_orientation=&#8221;center&#8221; \/][\/et_pb_column][et_pb_column type=&#8221;1_3&#8243;][\/et_pb_column][et_pb_column type=&#8221;1_3&#8243;][\/et_pb_column][\/et_pb_row][\/et_pb_section]<\/p>\n","protected":false},"excerpt":{"rendered":"<p>Opcje dodatkowe<\/p>\n","protected":false},"author":1,"featured_media":0,"parent":0,"menu_order":0,"comment_status":"closed","ping_status":"closed","template":"","meta":{"_et_pb_use_builder":"on","_et_pb_old_content":"","_et_gb_content_width":""},"_links":{"self":[{"href":"https:\/\/eng.pegom.com.pl\/index.php\/wp-json\/wp\/v2\/pages\/486"}],"collection":[{"href":"https:\/\/eng.pegom.com.pl\/index.php\/wp-json\/wp\/v2\/pages"}],"about":[{"href":"https:\/\/eng.pegom.com.pl\/index.php\/wp-json\/wp\/v2\/types\/page"}],"author":[{"embeddable":true,"href":"https:\/\/eng.pegom.com.pl\/index.php\/wp-json\/wp\/v2\/users\/1"}],"replies":[{"embeddable":true,"href":"https:\/\/eng.pegom.com.pl\/index.php\/wp-json\/wp\/v2\/comments?post=486"}],"version-history":[{"count":4,"href":"https:\/\/eng.pegom.com.pl\/index.php\/wp-json\/wp\/v2\/pages\/486\/revisions"}],"predecessor-version":[{"id":510,"href":"https:\/\/eng.pegom.com.pl\/index.php\/wp-json\/wp\/v2\/pages\/486\/revisions\/510"}],"wp:attachment":[{"href":"https:\/\/eng.pegom.com.pl\/index.php\/wp-json\/wp\/v2\/media?parent=486"}],"curies":[{"name":"wp","href":"https:\/\/api.w.org\/{rel}","templated":true}]}}