{"id":488,"date":"2018-03-12T14:24:11","date_gmt":"2018-03-12T13:24:11","guid":{"rendered":"http:\/\/serwer1421977.home.pl\/home\/virtualki\/170427\/index.php\/nowosc-wykalaczki\/"},"modified":"2022-03-04T16:12:09","modified_gmt":"2022-03-04T15:12:09","slug":"nowosc-wykalaczki","status":"publish","type":"page","link":"https:\/\/eng.pegom.com.pl\/index.php\/nowosc-wykalaczki\/","title":{"rendered":"Nowo\u015b\u0107 : WYKA\u0141ACZKI"},"content":{"rendered":"<p>[et_pb_section fb_built=&#8221;1&#8243; _builder_version=&#8221;3.22&#8243; global_colors_info=&#8221;{}&#8221;][et_pb_row _builder_version=&#8221;3.25&#8243; background_size=&#8221;initial&#8221; background_position=&#8221;top_left&#8221; background_repeat=&#8221;repeat&#8221; global_colors_info=&#8221;{}&#8221;][et_pb_column type=&#8221;4_4&#8243; _builder_version=&#8221;3.25&#8243; custom_padding=&#8221;|||&#8221; global_colors_info=&#8221;{}&#8221; custom_padding__hover=&#8221;|||&#8221;][et_pb_text _builder_version=&#8221;3.27.4&#8243; global_colors_info=&#8221;{}&#8221;]<\/p>\n<h2 style=\"text-align: center;\"><strong>NEW PRODUCT \u2013 TOOTHPICKS<\/strong><\/h2>\n<p>[\/et_pb_text][et_pb_divider color=&#8221;#000066&#8243; divider_style=&#8221;dotted&#8221; divider_weight=&#8221;3&#8243; _builder_version=&#8221;3.0.105&#8243; global_colors_info=&#8221;{}&#8221;]<br \/>\n[\/et_pb_divider][\/et_pb_column][\/et_pb_row][et_pb_row _builder_version=&#8221;3.25&#8243; background_size=&#8221;initial&#8221; background_position=&#8221;top_left&#8221; background_repeat=&#8221;repeat&#8221; global_colors_info=&#8221;{}&#8221; column_structure=&#8221;1_2,1_2&#8243;][et_pb_column type=&#8221;1_2&#8243; _builder_version=&#8221;3.25&#8243; custom_padding=&#8221;|||&#8221; global_colors_info=&#8221;{}&#8221; custom_padding__hover=&#8221;|||&#8221;][et_pb_image src=&#8221;http:\/\/eng.pegom.com.pl\/wp-content\/uploads\/2022\/03\/Wykalaczki-258&#215;300.jpg&#8221; show_in_lightbox=&#8221;on&#8221; align=&#8221;center&#8221; align_tablet=&#8221;center&#8221; align_last_edited=&#8221;on|desktop&#8221; _builder_version=&#8221;4.14.8&#8243; hover_enabled=&#8221;0&#8243; box_shadow_style=&#8221;preset2&#8243; always_center_on_mobile=&#8221;on&#8221; global_colors_info=&#8221;{}&#8221; title_text=&#8221;Wyka\u0142aczki&#8221; sticky_enabled=&#8221;0&#8243; align_phone=&#8221;center&#8221;]<br \/>\n[\/et_pb_image][\/et_pb_column][et_pb_column type=&#8221;1_2&#8243; _builder_version=&#8221;3.25&#8243; custom_padding=&#8221;|||&#8221; global_colors_info=&#8221;{}&#8221; custom_padding__hover=&#8221;|||&#8221;][et_pb_text _builder_version=&#8221;3.27.4&#8243; text_text_color=&#8221;#000000&#8243; text_line_height=&#8221;1.2em&#8221; global_colors_info=&#8221;{}&#8221;]A new product in our offer \u2013 8 pcs of wooden toothpicks in  a nice  printed case<br \/>\n[\/et_pb_text][\/et_pb_column][\/et_pb_row][\/et_pb_section]<\/p>\n","protected":false},"excerpt":{"rendered":"<p>NEW PRODUCT \u2013 TOOTHPICKS A new product in our offer \u2013 8 pcs of wooden toothpicks in a nice printed case<\/p>\n","protected":false},"author":1,"featured_media":0,"parent":0,"menu_order":0,"comment_status":"closed","ping_status":"closed","template":"","meta":{"_et_pb_use_builder":"on","_et_pb_old_content":"","_et_gb_content_width":""},"_links":{"self":[{"href":"https:\/\/eng.pegom.com.pl\/index.php\/wp-json\/wp\/v2\/pages\/488"}],"collection":[{"href":"https:\/\/eng.pegom.com.pl\/index.php\/wp-json\/wp\/v2\/pages"}],"about":[{"href":"https:\/\/eng.pegom.com.pl\/index.php\/wp-json\/wp\/v2\/types\/page"}],"author":[{"embeddable":true,"href":"https:\/\/eng.pegom.com.pl\/index.php\/wp-json\/wp\/v2\/users\/1"}],"replies":[{"embeddable":true,"href":"https:\/\/eng.pegom.com.pl\/index.php\/wp-json\/wp\/v2\/comments?post=488"}],"version-history":[{"count":3,"href":"https:\/\/eng.pegom.com.pl\/index.php\/wp-json\/wp\/v2\/pages\/488\/revisions"}],"predecessor-version":[{"id":701,"href":"https:\/\/eng.pegom.com.pl\/index.php\/wp-json\/wp\/v2\/pages\/488\/revisions\/701"}],"wp:attachment":[{"href":"https:\/\/eng.pegom.com.pl\/index.php\/wp-json\/wp\/v2\/media?parent=488"}],"curies":[{"name":"wp","href":"https:\/\/api.w.org\/{rel}","templated":true}]}}